{"id":3020,"date":"2021-04-02T22:20:54","date_gmt":"2021-04-02T22:20:54","guid":{"rendered":"https:\/\/d-themes.com\/wordpress\/wolmart\/elements\/?page_id=3020"},"modified":"2024-08-09T14:23:43","modified_gmt":"2024-08-09T13:23:43","slug":"sobre-nos","status":"publish","type":"page","link":"https:\/\/kelmeportugal.com\/en\/sobre-nos\/","title":{"rendered":"Sobre N\u00f3s"},"content":{"rendered":"\t\t<div data-elementor-type=\"wp-page\" data-elementor-id=\"3020\" class=\"elementor elementor-3020\" data-elementor-post-type=\"page\">\n\t\t\t\t\t\t<section class=\" elementor-section elementor-top-section elementor-element elementor-element-8a52b9a elementor-section-boxed elementor-section-height-default elementor-section-height-default\" data-id=\"8a52b9a\" data-element_type=\"section\">\r\n\t\t\t\t\t\t\t\t\t\t<div class=\"elementor-container elementor-column-gap-default\" >\r\n\t\t\t\t\t\t\t\t\t\t<div class=\" elementor-column elementor-col-100 elementor-top-column elementor-element elementor-element-4a76595\" data-id=\"4a76595\" data-element_type=\"column\">\r\n\t\t\t\r\n\t\t\t<div class=\"elementor-widget-wrap elementor-element-populated\">\r\n\t\t\t\t\t\t\t\t<div class=\"elementor-element elementor-element-52b7f52 mt-10 elementor-widget elementor-widget-heading\" data-id=\"52b7f52\" data-element_type=\"widget\" data-widget_type=\"heading.default\">\n\t\t\t\t<div class=\"elementor-widget-container\">\n\t\t\t<style>\/*! elementor - v3.22.0 - 26-06-2024 *\/\n.elementor-heading-title{padding:0;margin:0;line-height:1}.elementor-widget-heading .elementor-heading-title[class*=elementor-size-]>a{color:inherit;font-size:inherit;line-height:inherit}.elementor-widget-heading .elementor-heading-title.elementor-size-small{font-size:15px}.elementor-widget-heading .elementor-heading-title.elementor-size-medium{font-size:19px}.elementor-widget-heading .elementor-heading-title.elementor-size-large{font-size:29px}.elementor-widget-heading .elementor-heading-title.elementor-size-xl{font-size:39px}.elementor-widget-heading .elementor-heading-title.elementor-size-xxl{font-size:59px}<\/style><h2 class=\"elementor-heading-title elementor-size-default\">Qualidade, comodidade e, <br>acima de tudo, design arrojado<\/h2>\t\t<\/div>\n\t\t\t\t<\/div>\n\t\t\t\t<div class=\"elementor-element elementor-element-a6c80f9 elementor-widget elementor-widget-heading\" data-id=\"a6c80f9\" data-element_type=\"widget\" data-widget_type=\"heading.default\">\n\t\t\t\t<div class=\"elementor-widget-container\">\n\t\t\t<p class=\"elementor-heading-title elementor-size-default\">Somos uma empresa jovem, din\u00e2mica e constru\u00edda desde 2013, que tem por\nobjetivo a comercializa\u00e7\u00e3o de artigos desportivos, da marca Kelme.<br>\nE porque a imagem dos clubes e lojas \u00e9 deveras importante para fidelizar os atuais\ne futuros atletas e clientes, gostar\u00edamos de ter a possibilidade de nos associar a esta\nvossa caminhada. Para isso, garantimos uma \u00f3tima rela\u00e7\u00e3o qualidade\/pre\u00e7o nos\nnossos produtos, juntando a estes uma excelente presta\u00e7\u00e3o de todo o tipo de\nservi\u00e7os de personaliza\u00e7\u00e3o dos mesmos, o que permitir\u00e1 receber os produtos\n\u201cpronto a vestir\u201d.<\/p>\t\t<\/div>\n\t\t\t\t<\/div>\n\t\t\t\t<div class=\"elementor-element elementor-element-e1fa866 e-transform elementor-widget elementor-widget-image\" data-id=\"e1fa866\" data-element_type=\"widget\" data-settings=\"{&quot;_transform_flipX_effect&quot;:&quot;transform&quot;}\" data-widget_type=\"image.default\">\n\t\t\t\t<div class=\"elementor-widget-container\">\n\t\t\t<style>\/*! elementor - v3.22.0 - 26-06-2024 *\/\n.elementor-widget-image{text-align:center}.elementor-widget-image a{display:inline-block}.elementor-widget-image a img[src$=\".svg\"]{width:48px}.elementor-widget-image img{vertical-align:middle;display:inline-block}<\/style>\t\t\t\t\t\t\t\t\t\t<img fetchpriority=\"high\" decoding=\"async\" width=\"1920\" height=\"689\" src=\"https:\/\/kelmeportugal.com\/wp-content\/uploads\/2024\/05\/banner-ph-2.jpg\" class=\"attachment-full size-full wp-image-3165\" alt=\"\" srcset=\"https:\/\/kelmeportugal.com\/wp-content\/uploads\/2024\/05\/banner-ph-2.jpg 1920w, https:\/\/kelmeportugal.com\/wp-content\/uploads\/2024\/05\/banner-ph-2-1200x431.jpg 1200w, https:\/\/kelmeportugal.com\/wp-content\/uploads\/2024\/05\/banner-ph-2-1024x367.jpg 1024w, https:\/\/kelmeportugal.com\/wp-content\/uploads\/2024\/05\/banner-ph-2-768x276.jpg 768w, https:\/\/kelmeportugal.com\/wp-content\/uploads\/2024\/05\/banner-ph-2-1536x551.jpg 1536w\" sizes=\"(max-width: 1920px) 100vw, 1920px\" \/>\t\t\t\t\t\t\t\t\t\t\t\t\t<\/div>\n\t\t\t\t<\/div>\n\t\t\t\t\t<\/div>\r\n\t\t\t\r\n\t\t<\/div>\r\n\t\t\t\t\t\t\t\t\t\t\t\t\t\t\t<\/div>\r\n\t\t\t\t\t\t\t<\/section>\r\n\t\t\t\t<section class=\" elementor-section elementor-top-section elementor-element elementor-element-4fcd81f accordion-section elementor-section-boxed elementor-section-height-default elementor-section-height-default\" data-id=\"4fcd81f\" data-element_type=\"section\">\r\n\t\t\t\t\t\t\t\t\t\t<div class=\"elementor-container elementor-column-gap-default\" >\r\n\t\t\t\t\t\t\t\t\t\t<div class=\" elementor-column elementor-col-50 elementor-top-column elementor-element elementor-element-b75bced\" data-id=\"b75bced\" data-element_type=\"column\">\r\n\t\t\t\r\n\t\t\t<div class=\"elementor-widget-wrap elementor-element-populated\">\r\n\t\t\t\t\t\t\t\t<div class=\"elementor-element elementor-element-225f86d mb-4 elementor-widget elementor-widget-heading\" data-id=\"225f86d\" data-element_type=\"widget\" data-widget_type=\"heading.default\">\n\t\t\t\t<div class=\"elementor-widget-container\">\n\t\t\t<h2 class=\"elementor-heading-title elementor-size-default\">A qualidade, comodidade e, acima de tudo, o design arrojado dos nossos produtos,\ncaracterizam a imagem da nossa empresa.<\/h2>\t\t<\/div>\n\t\t\t\t<\/div>\n\t\t\t\t<div class=\" elementor-section elementor-inner-section elementor-element elementor-element-8621a48 mr-6 elementor-section-boxed elementor-section-height-default elementor-section-height-default\" data-id=\"8621a48\" data-element_type=\"section\">\r\n\t\t\t\t\t\t\t\t\t\t<div class=\"elementor-container elementor-column-gap-no accordion accordion-boxed accordion-border\" >\r\n\t\t\t\t\t\t\t\t\t\t<div class=\" card elementor-column elementor-col-33 elementor-inner-column elementor-element elementor-element-c634a78\" data-id=\"c634a78\" data-element_type=\"column\">\r\n\t\t\t\t\t\t\t<div class=\"card-header\">\r\n\t\t\t\t\t<a href=\"c634a78\" class=\"collapse\">\r\n\t\t\t\t\t\t\t\t\t\t\t\t<span class=\"title\">Miss\u00e3o<\/span>\r\n\t\t\t\t\t\t<span class=\"toggle-icon opened\"><i class=\"  w-icon-minus\"><\/i><\/span><span class=\"toggle-icon closed\"><i class=\"  w-icon-plus\"><\/i><\/span>\t\t\t\t\t<\/a>\r\n\t\t\t\t<\/div>\r\n\t\t\t\r\n\t\t\t<div id=\"c634a78\" class=\"card-body expanded elementor-widget-wrap elementor-element-populated\">\r\n\t\t\t\t\t\t\t\t<div class=\"elementor-element elementor-element-28e3bad elementor-widget elementor-widget-heading\" data-id=\"28e3bad\" data-element_type=\"widget\" data-widget_type=\"heading.default\">\n\t\t\t\t<div class=\"elementor-widget-container\">\n\t\t\t<p class=\"elementor-heading-title elementor-size-default\">A nossa miss\u00e3o \u00e9 proporcionar inspira\u00e7\u00e3o a todos os atletas e indiv\u00edduos que se\ninteressam pela pr\u00e1tica de desporto ou pela utiliza\u00e7\u00e3o de roupas desportivas\ncasuais.<\/p>\t\t<\/div>\n\t\t\t\t<\/div>\n\t\t\t\t\t<\/div>\r\n\t\t\t\r\n\t\t<\/div>\r\n\t\t\t\t<div class=\" card elementor-column elementor-col-33 elementor-inner-column elementor-element elementor-element-3a0bf40\" data-id=\"3a0bf40\" data-element_type=\"column\">\r\n\t\t\t\t\t\t\t<div class=\"card-header\">\r\n\t\t\t\t\t<a href=\"3a0bf40\" class=\"expand\">\r\n\t\t\t\t\t\t\t\t\t\t\t\t<span class=\"title\">Vis\u00e3o<\/span>\r\n\t\t\t\t\t\t<span class=\"toggle-icon opened\"><i class=\"  w-icon-minus\"><\/i><\/span><span class=\"toggle-icon closed\"><i class=\"  w-icon-plus\"><\/i><\/span>\t\t\t\t\t<\/a>\r\n\t\t\t\t<\/div>\r\n\t\t\t\r\n\t\t\t<div id=\"3a0bf40\" class=\"card-body collapsed elementor-widget-wrap elementor-element-populated\">\r\n\t\t\t\t\t\t\t\t<div class=\"elementor-element elementor-element-e3d5540 elementor-widget elementor-widget-heading\" data-id=\"e3d5540\" data-element_type=\"widget\" data-widget_type=\"heading.default\">\n\t\t\t\t<div class=\"elementor-widget-container\">\n\t\t\t<p class=\"elementor-heading-title elementor-size-default\">Ser uma refer\u00eancia na comercializa\u00e7\u00e3o de artigos desportivos, criando assim la\u00e7os\ncom a pr\u00e1tica desportiva e desenvolvimento de um estilo de vida saud\u00e1vel.\n<\/p>\t\t<\/div>\n\t\t\t\t<\/div>\n\t\t\t\t\t<\/div>\r\n\t\t\t\r\n\t\t<\/div>\r\n\t\t\t\t<div class=\" card elementor-column elementor-col-33 elementor-inner-column elementor-element elementor-element-b53ce2e\" data-id=\"b53ce2e\" data-element_type=\"column\">\r\n\t\t\t\t\t\t\t<div class=\"card-header\">\r\n\t\t\t\t\t<a href=\"b53ce2e\" class=\"expand\">\r\n\t\t\t\t\t\t\t\t\t\t\t\t<span class=\"title\">Valores<\/span>\r\n\t\t\t\t\t\t<span class=\"toggle-icon opened\"><i class=\"  w-icon-minus\"><\/i><\/span><span class=\"toggle-icon closed\"><i class=\"  w-icon-plus\"><\/i><\/span>\t\t\t\t\t<\/a>\r\n\t\t\t\t<\/div>\r\n\t\t\t\r\n\t\t\t<div id=\"b53ce2e\" class=\"card-body collapsed elementor-widget-wrap elementor-element-populated\">\r\n\t\t\t\t\t\t\t\t<div class=\"elementor-element elementor-element-deaa6c9 elementor-widget elementor-widget-heading\" data-id=\"deaa6c9\" data-element_type=\"widget\" data-widget_type=\"heading.default\">\n\t\t\t\t<div class=\"elementor-widget-container\">\n\t\t\t<p class=\"elementor-heading-title elementor-size-default\">Qualidade e inova\u00e7\u00e3o s\u00e3o os princ\u00edpios que defendemos e nos orgulhamos.<\/p>\t\t<\/div>\n\t\t\t\t<\/div>\n\t\t\t\t\t<\/div>\r\n\t\t\t\r\n\t\t<\/div>\r\n\t\t\t\t\t\t\t\t\t\t\t\t\t\t\t<\/div>\r\n\t\t\t\t\t\t\t<\/div>\r\n\t\t\t\t\t<\/div>\r\n\t\t\t\r\n\t\t<\/div>\r\n\t\t\t\t<div class=\" elementor-column elementor-col-50 elementor-top-column elementor-element elementor-element-fcc5620\" data-id=\"fcc5620\" data-element_type=\"column\">\r\n\t\t\t\r\n\t\t\t<div class=\"elementor-widget-wrap elementor-element-populated\">\r\n\t\t\t\t\t\t\t\t<div class=\"elementor-element elementor-element-74bfcb9 elementor-widget elementor-widget-image\" data-id=\"74bfcb9\" data-element_type=\"widget\" data-widget_type=\"image.default\">\n\t\t\t\t<div class=\"elementor-widget-container\">\n\t\t\t\t\t\t\t\t\t\t\t\t\t<img decoding=\"async\" width=\"800\" height=\"700\" src=\"https:\/\/kelmeportugal.com\/wp-content\/uploads\/2024\/05\/about-ph.jpg\" class=\"attachment-full size-full wp-image-3271\" alt=\"\" srcset=\"https:\/\/kelmeportugal.com\/wp-content\/uploads\/2024\/05\/about-ph.jpg 800w, https:\/\/kelmeportugal.com\/wp-content\/uploads\/2024\/05\/about-ph-768x672.jpg 768w, https:\/\/kelmeportugal.com\/wp-content\/uploads\/2024\/05\/about-ph-600x525.jpg 600w\" sizes=\"(max-width: 800px) 100vw, 800px\" \/>\t\t\t\t\t\t\t\t\t\t\t\t\t<\/div>\n\t\t\t\t<\/div>\n\t\t\t\t\t<\/div>\r\n\t\t\t\r\n\t\t<\/div>\r\n\t\t\t\t\t\t\t\t\t\t\t\t\t\t\t<\/div>\r\n\t\t\t\t\t\t\t<\/section>\r\n\t\t\t\t<\/div>\n\t\t","protected":false},"excerpt":{"rendered":"<p>Qualidade, comodidade e, acima de tudo, design arrojado Somos uma empresa jovem, din\u00e2mica e constru\u00edda desde 2013, que tem por objetivo a comercializa\u00e7\u00e3o de artigos desportivos, da marca Kelme. E porque a imagem dos clubes e lojas \u00e9 deveras importante para fidelizar os atuais e futuros atletas e clientes, gostar\u00edamos de ter a possibilidade de [&hellip;]<\/p>\n","protected":false},"author":1,"featured_media":0,"parent":0,"menu_order":0,"comment_status":"closed","ping_status":"closed","template":"","meta":{"_acf_changed":false,"footnotes":""},"class_list":["post-3020","page","type-page","status-publish","hentry"],"acf":[],"yoast_head":"<!-- This site is optimized with the Yoast SEO plugin v27.2 - https:\/\/yoast.com\/product\/yoast-seo-wordpress\/ -->\n<title>Sobre N\u00f3s - KELME Portugal<\/title>\n<meta name=\"robots\" content=\"index, follow, max-snippet:-1, max-image-preview:large, max-video-preview:-1\" \/>\n<link rel=\"canonical\" href=\"https:\/\/kelmeportugal.com\/en\/sobre-nos\/\" \/>\n<meta property=\"og:locale\" content=\"en_US\" \/>\n<meta property=\"og:type\" content=\"article\" \/>\n<meta property=\"og:title\" content=\"Sobre N\u00f3s - KELME Portugal\" \/>\n<meta property=\"og:description\" content=\"Qualidade, comodidade e, acima de tudo, design arrojado Somos uma empresa jovem, din\u00e2mica e constru\u00edda desde 2013, que tem por objetivo a comercializa\u00e7\u00e3o de artigos desportivos, da marca Kelme. E porque a imagem dos clubes e lojas \u00e9 deveras importante para fidelizar os atuais e futuros atletas e clientes, gostar\u00edamos de ter a possibilidade de [&hellip;]\" \/>\n<meta property=\"og:url\" content=\"https:\/\/kelmeportugal.com\/en\/sobre-nos\/\" \/>\n<meta property=\"og:site_name\" content=\"KELME Portugal\" \/>\n<meta property=\"article:publisher\" content=\"https:\/\/www.facebook.com\/kelmeportugaloficial\/\" \/>\n<meta property=\"article:modified_time\" content=\"2024-08-09T13:23:43+00:00\" \/>\n<meta property=\"og:image\" content=\"https:\/\/kelmeportugal.com\/wp-content\/uploads\/2024\/05\/banner-ph-2.jpg\" \/>\n<meta name=\"twitter:card\" content=\"summary_large_image\" \/>\n<meta name=\"twitter:label1\" content=\"Est. reading time\" \/>\n\t<meta name=\"twitter:data1\" content=\"2 minutes\" \/>\n<script type=\"application\/ld+json\" class=\"yoast-schema-graph\">{\"@context\":\"https:\/\/schema.org\",\"@graph\":[{\"@type\":\"WebPage\",\"@id\":\"https:\/\/kelmeportugal.com\/sobre-nos\/\",\"url\":\"https:\/\/kelmeportugal.com\/sobre-nos\/\",\"name\":\"Sobre N\u00f3s - KELME Portugal\",\"isPartOf\":{\"@id\":\"https:\/\/kelmeportugal.com\/#website\"},\"primaryImageOfPage\":{\"@id\":\"https:\/\/kelmeportugal.com\/sobre-nos\/#primaryimage\"},\"image\":{\"@id\":\"https:\/\/kelmeportugal.com\/sobre-nos\/#primaryimage\"},\"thumbnailUrl\":\"https:\/\/kelmeportugal.com\/wp-content\/uploads\/2024\/05\/banner-ph-2.jpg\",\"datePublished\":\"2021-04-02T22:20:54+00:00\",\"dateModified\":\"2024-08-09T13:23:43+00:00\",\"breadcrumb\":{\"@id\":\"https:\/\/kelmeportugal.com\/sobre-nos\/#breadcrumb\"},\"inLanguage\":\"en-US\",\"potentialAction\":[{\"@type\":\"ReadAction\",\"target\":[\"https:\/\/kelmeportugal.com\/sobre-nos\/\"]}]},{\"@type\":\"ImageObject\",\"inLanguage\":\"en-US\",\"@id\":\"https:\/\/kelmeportugal.com\/sobre-nos\/#primaryimage\",\"url\":\"https:\/\/kelmeportugal.com\/wp-content\/uploads\/2024\/05\/banner-ph-2.jpg\",\"contentUrl\":\"https:\/\/kelmeportugal.com\/wp-content\/uploads\/2024\/05\/banner-ph-2.jpg\"},{\"@type\":\"BreadcrumbList\",\"@id\":\"https:\/\/kelmeportugal.com\/sobre-nos\/#breadcrumb\",\"itemListElement\":[{\"@type\":\"ListItem\",\"position\":1,\"name\":\"In\u00edcio\",\"item\":\"https:\/\/kelmeportugal.com\/\"},{\"@type\":\"ListItem\",\"position\":2,\"name\":\"Sobre N\u00f3s\"}]},{\"@type\":\"WebSite\",\"@id\":\"https:\/\/kelmeportugal.com\/#website\",\"url\":\"https:\/\/kelmeportugal.com\/\",\"name\":\"KELME PORTUGAL\",\"description\":\"Artigos de Desporto\",\"publisher\":{\"@id\":\"https:\/\/kelmeportugal.com\/#organization\"},\"potentialAction\":[{\"@type\":\"SearchAction\",\"target\":{\"@type\":\"EntryPoint\",\"urlTemplate\":\"https:\/\/kelmeportugal.com\/?s={search_term_string}\"},\"query-input\":{\"@type\":\"PropertyValueSpecification\",\"valueRequired\":true,\"valueName\":\"search_term_string\"}}],\"inLanguage\":\"en-US\"},{\"@type\":\"Organization\",\"@id\":\"https:\/\/kelmeportugal.com\/#organization\",\"name\":\"KELME PORTUGAL\",\"url\":\"https:\/\/kelmeportugal.com\/\",\"logo\":{\"@type\":\"ImageObject\",\"inLanguage\":\"en-US\",\"@id\":\"https:\/\/kelmeportugal.com\/#\/schema\/logo\/image\/\",\"url\":\"https:\/\/kelmeportugal.com\/wp-content\/uploads\/2024\/05\/logo-dark.png\",\"contentUrl\":\"https:\/\/kelmeportugal.com\/wp-content\/uploads\/2024\/05\/logo-dark.png\",\"width\":545,\"height\":72,\"caption\":\"KELME PORTUGAL\"},\"image\":{\"@id\":\"https:\/\/kelmeportugal.com\/#\/schema\/logo\/image\/\"},\"sameAs\":[\"https:\/\/www.facebook.com\/kelmeportugaloficial\/\",\"https:\/\/www.instagram.com\/kelmeportugal\/\",\"https:\/\/pt.linkedin.com\/in\/geracaoaudaciosa\"]}]}<\/script>\n<!-- \/ Yoast SEO plugin. -->","yoast_head_json":{"title":"Sobre N\u00f3s - KELME Portugal","robots":{"index":"index","follow":"follow","max-snippet":"max-snippet:-1","max-image-preview":"max-image-preview:large","max-video-preview":"max-video-preview:-1"},"canonical":"https:\/\/kelmeportugal.com\/en\/sobre-nos\/","og_locale":"en_US","og_type":"article","og_title":"Sobre N\u00f3s - KELME Portugal","og_description":"Qualidade, comodidade e, acima de tudo, design arrojado Somos uma empresa jovem, din\u00e2mica e constru\u00edda desde 2013, que tem por objetivo a comercializa\u00e7\u00e3o de artigos desportivos, da marca Kelme. E porque a imagem dos clubes e lojas \u00e9 deveras importante para fidelizar os atuais e futuros atletas e clientes, gostar\u00edamos de ter a possibilidade de [&hellip;]","og_url":"https:\/\/kelmeportugal.com\/en\/sobre-nos\/","og_site_name":"KELME Portugal","article_publisher":"https:\/\/www.facebook.com\/kelmeportugaloficial\/","article_modified_time":"2024-08-09T13:23:43+00:00","og_image":[{"url":"https:\/\/kelmeportugal.com\/wp-content\/uploads\/2024\/05\/banner-ph-2.jpg","type":"","width":"","height":""}],"twitter_card":"summary_large_image","twitter_misc":{"Est. reading time":"2 minutes"},"schema":{"@context":"https:\/\/schema.org","@graph":[{"@type":"WebPage","@id":"https:\/\/kelmeportugal.com\/sobre-nos\/","url":"https:\/\/kelmeportugal.com\/sobre-nos\/","name":"Sobre N\u00f3s - KELME Portugal","isPartOf":{"@id":"https:\/\/kelmeportugal.com\/#website"},"primaryImageOfPage":{"@id":"https:\/\/kelmeportugal.com\/sobre-nos\/#primaryimage"},"image":{"@id":"https:\/\/kelmeportugal.com\/sobre-nos\/#primaryimage"},"thumbnailUrl":"https:\/\/kelmeportugal.com\/wp-content\/uploads\/2024\/05\/banner-ph-2.jpg","datePublished":"2021-04-02T22:20:54+00:00","dateModified":"2024-08-09T13:23:43+00:00","breadcrumb":{"@id":"https:\/\/kelmeportugal.com\/sobre-nos\/#breadcrumb"},"inLanguage":"en-US","potentialAction":[{"@type":"ReadAction","target":["https:\/\/kelmeportugal.com\/sobre-nos\/"]}]},{"@type":"ImageObject","inLanguage":"en-US","@id":"https:\/\/kelmeportugal.com\/sobre-nos\/#primaryimage","url":"https:\/\/kelmeportugal.com\/wp-content\/uploads\/2024\/05\/banner-ph-2.jpg","contentUrl":"https:\/\/kelmeportugal.com\/wp-content\/uploads\/2024\/05\/banner-ph-2.jpg"},{"@type":"BreadcrumbList","@id":"https:\/\/kelmeportugal.com\/sobre-nos\/#breadcrumb","itemListElement":[{"@type":"ListItem","position":1,"name":"In\u00edcio","item":"https:\/\/kelmeportugal.com\/"},{"@type":"ListItem","position":2,"name":"Sobre N\u00f3s"}]},{"@type":"WebSite","@id":"https:\/\/kelmeportugal.com\/#website","url":"https:\/\/kelmeportugal.com\/","name":"KELME PORTUGAL","description":"Artigos de Desporto","publisher":{"@id":"https:\/\/kelmeportugal.com\/#organization"},"potentialAction":[{"@type":"SearchAction","target":{"@type":"EntryPoint","urlTemplate":"https:\/\/kelmeportugal.com\/?s={search_term_string}"},"query-input":{"@type":"PropertyValueSpecification","valueRequired":true,"valueName":"search_term_string"}}],"inLanguage":"en-US"},{"@type":"Organization","@id":"https:\/\/kelmeportugal.com\/#organization","name":"KELME PORTUGAL","url":"https:\/\/kelmeportugal.com\/","logo":{"@type":"ImageObject","inLanguage":"en-US","@id":"https:\/\/kelmeportugal.com\/#\/schema\/logo\/image\/","url":"https:\/\/kelmeportugal.com\/wp-content\/uploads\/2024\/05\/logo-dark.png","contentUrl":"https:\/\/kelmeportugal.com\/wp-content\/uploads\/2024\/05\/logo-dark.png","width":545,"height":72,"caption":"KELME PORTUGAL"},"image":{"@id":"https:\/\/kelmeportugal.com\/#\/schema\/logo\/image\/"},"sameAs":["https:\/\/www.facebook.com\/kelmeportugaloficial\/","https:\/\/www.instagram.com\/kelmeportugal\/","https:\/\/pt.linkedin.com\/in\/geracaoaudaciosa"]}]}},"_links":{"self":[{"href":"https:\/\/kelmeportugal.com\/en\/wp-json\/wp\/v2\/pages\/3020","targetHints":{"allow":["GET"]}}],"collection":[{"href":"https:\/\/kelmeportugal.com\/en\/wp-json\/wp\/v2\/pages"}],"about":[{"href":"https:\/\/kelmeportugal.com\/en\/wp-json\/wp\/v2\/types\/page"}],"author":[{"embeddable":true,"href":"https:\/\/kelmeportugal.com\/en\/wp-json\/wp\/v2\/users\/1"}],"replies":[{"embeddable":true,"href":"https:\/\/kelmeportugal.com\/en\/wp-json\/wp\/v2\/comments?post=3020"}],"version-history":[{"count":10,"href":"https:\/\/kelmeportugal.com\/en\/wp-json\/wp\/v2\/pages\/3020\/revisions"}],"predecessor-version":[{"id":65080,"href":"https:\/\/kelmeportugal.com\/en\/wp-json\/wp\/v2\/pages\/3020\/revisions\/65080"}],"wp:attachment":[{"href":"https:\/\/kelmeportugal.com\/en\/wp-json\/wp\/v2\/media?parent=3020"}],"curies":[{"name":"wp","href":"https:\/\/api.w.org\/{rel}","templated":true}]}}