{"id":58940,"date":"2024-07-18T16:37:34","date_gmt":"2024-07-18T15:37:34","guid":{"rendered":"https:\/\/kelmeportugal.com\/product\/conjunto-kelme-alicante\/"},"modified":"2024-08-13T11:44:38","modified_gmt":"2024-08-13T10:44:38","slug":"conjunto-kelme-alicante","status":"publish","type":"product","link":"https:\/\/kelmeportugal.com\/en\/product\/conjunto-kelme-alicante\/","title":{"rendered":"Conjunto KELME ALICANTE"},"content":{"rendered":"<p>Conjunto Camisola Manga Curta + Cal\u00e7\u00e3o Alicante<\/p>\n<p>Composi\u00e7\u00e3o: 100 % Polyester<\/p>\n<p>Tamanhos:<br \/>\nJR:\u00a06 &#8211; 8 &#8211; 10 &#8211; 12 &#8211; 14<br \/>\nSR: XS &#8211; S &#8211; M &#8211; L &#8211; XL &#8211; 2XL &#8211; 3XL &#8211; 4XL<\/p>","protected":false},"excerpt":{"rendered":"<p>Conjunto Camisola Manga Curta + Cal\u00e7\u00e3o Alicante Composi\u00e7\u00e3o: 100 % Polyester Tamanhos: JR:\u00a06 &#8211; 8 &#8211; 10 &#8211; 12 &#8211; 14 SR: XS &#8211; S &#8211; M &#8211; L &#8211; XL &#8211; 2XL &#8211; 3XL &#8211; 4XL<\/p>","protected":false},"featured_media":65025,"template":"","meta":{"_acf_changed":false},"genre":[],"product_cat":[341],"product_tag":[],"class_list":{"0":"post-58940","1":"product","2":"type-product","3":"status-publish","4":"has-post-thumbnail","6":"product_cat-conjuntos","8":"first","9":"instock","10":"taxable","11":"shipping-taxable","12":"product-type-variable"},"acf":[],"yoast_head":"<!-- This site is optimized with the Yoast SEO plugin v27.2 - https:\/\/yoast.com\/product\/yoast-seo-wordpress\/ -->\n<title>Conjunto KELME ALICANTE - KELME Portugal<\/title>\n<meta name=\"robots\" content=\"index, follow, max-snippet:-1, max-image-preview:large, max-video-preview:-1\" \/>\n<link rel=\"canonical\" href=\"https:\/\/kelmeportugal.com\/en\/product\/conjunto-kelme-alicante\/\" \/>\n<meta property=\"og:locale\" content=\"en_US\" \/>\n<meta property=\"og:type\" content=\"article\" \/>\n<meta property=\"og:title\" content=\"Conjunto KELME ALICANTE - KELME Portugal\" \/>\n<meta property=\"og:description\" content=\"Conjunto Camisola Manga Curta + Cal\u00e7\u00e3o Alicante Composi\u00e7\u00e3o: 100 % Polyester Tamanhos: JR:\u00a06 &#8211; 8 &#8211; 10 &#8211; 12 &#8211; 14 SR: XS &#8211; S &#8211; M &#8211; L &#8211; XL &#8211; 2XL &#8211; 3XL &#8211; 4XL\" \/>\n<meta property=\"og:url\" content=\"https:\/\/kelmeportugal.com\/en\/product\/conjunto-kelme-alicante\/\" \/>\n<meta property=\"og:site_name\" content=\"KELME Portugal\" \/>\n<meta property=\"article:publisher\" content=\"https:\/\/www.facebook.com\/kelmeportugaloficial\/\" \/>\n<meta property=\"article:modified_time\" content=\"2024-08-13T10:44:38+00:00\" \/>\n<meta property=\"og:image\" content=\"https:\/\/kelmeportugal.com\/wp-content\/uploads\/2024\/08\/3881020_9420.jpg\" \/>\n\t<meta property=\"og:image:width\" content=\"650\" \/>\n\t<meta property=\"og:image:height\" content=\"975\" \/>\n\t<meta property=\"og:image:type\" content=\"image\/jpeg\" \/>\n<meta name=\"twitter:card\" content=\"summary_large_image\" \/>\n<meta name=\"twitter:label1\" content=\"Est. reading time\" \/>\n\t<meta name=\"twitter:data1\" content=\"1 minute\" \/>\n<script type=\"application\/ld+json\" class=\"yoast-schema-graph\">{\"@context\":\"https:\/\/schema.org\",\"@graph\":[{\"@type\":\"WebPage\",\"@id\":\"https:\/\/kelmeportugal.com\/produto\/conjunto-kelme-alicante\/\",\"url\":\"https:\/\/kelmeportugal.com\/produto\/conjunto-kelme-alicante\/\",\"name\":\"Conjunto KELME ALICANTE - KELME Portugal\",\"isPartOf\":{\"@id\":\"https:\/\/kelmeportugal.com\/#website\"},\"primaryImageOfPage\":{\"@id\":\"https:\/\/kelmeportugal.com\/produto\/conjunto-kelme-alicante\/#primaryimage\"},\"image\":{\"@id\":\"https:\/\/kelmeportugal.com\/produto\/conjunto-kelme-alicante\/#primaryimage\"},\"thumbnailUrl\":\"https:\/\/kelmeportugal.com\/wp-content\/uploads\/2024\/08\/3881020_9420.jpg\",\"datePublished\":\"2024-07-18T15:37:34+00:00\",\"dateModified\":\"2024-08-13T10:44:38+00:00\",\"breadcrumb\":{\"@id\":\"https:\/\/kelmeportugal.com\/produto\/conjunto-kelme-alicante\/#breadcrumb\"},\"inLanguage\":\"en-US\",\"potentialAction\":[{\"@type\":\"ReadAction\",\"target\":[\"https:\/\/kelmeportugal.com\/produto\/conjunto-kelme-alicante\/\"]}]},{\"@type\":\"ImageObject\",\"inLanguage\":\"en-US\",\"@id\":\"https:\/\/kelmeportugal.com\/produto\/conjunto-kelme-alicante\/#primaryimage\",\"url\":\"https:\/\/kelmeportugal.com\/wp-content\/uploads\/2024\/08\/3881020_9420.jpg\",\"contentUrl\":\"https:\/\/kelmeportugal.com\/wp-content\/uploads\/2024\/08\/3881020_9420.jpg\",\"width\":650,\"height\":975},{\"@type\":\"BreadcrumbList\",\"@id\":\"https:\/\/kelmeportugal.com\/produto\/conjunto-kelme-alicante\/#breadcrumb\",\"itemListElement\":[{\"@type\":\"ListItem\",\"position\":1,\"name\":\"In\u00edcio\",\"item\":\"https:\/\/kelmeportugal.com\/\"},{\"@type\":\"ListItem\",\"position\":2,\"name\":\"Loja\",\"item\":\"https:\/\/kelmeportugal.com\/loja\/\"},{\"@type\":\"ListItem\",\"position\":3,\"name\":\"Conjunto KELME ALICANTE\"}]},{\"@type\":\"WebSite\",\"@id\":\"https:\/\/kelmeportugal.com\/#website\",\"url\":\"https:\/\/kelmeportugal.com\/\",\"name\":\"KELME PORTUGAL\",\"description\":\"Artigos de Desporto\",\"publisher\":{\"@id\":\"https:\/\/kelmeportugal.com\/#organization\"},\"potentialAction\":[{\"@type\":\"SearchAction\",\"target\":{\"@type\":\"EntryPoint\",\"urlTemplate\":\"https:\/\/kelmeportugal.com\/?s={search_term_string}\"},\"query-input\":{\"@type\":\"PropertyValueSpecification\",\"valueRequired\":true,\"valueName\":\"search_term_string\"}}],\"inLanguage\":\"en-US\"},{\"@type\":\"Organization\",\"@id\":\"https:\/\/kelmeportugal.com\/#organization\",\"name\":\"KELME PORTUGAL\",\"url\":\"https:\/\/kelmeportugal.com\/\",\"logo\":{\"@type\":\"ImageObject\",\"inLanguage\":\"en-US\",\"@id\":\"https:\/\/kelmeportugal.com\/#\/schema\/logo\/image\/\",\"url\":\"https:\/\/kelmeportugal.com\/wp-content\/uploads\/2024\/05\/logo-dark.png\",\"contentUrl\":\"https:\/\/kelmeportugal.com\/wp-content\/uploads\/2024\/05\/logo-dark.png\",\"width\":545,\"height\":72,\"caption\":\"KELME PORTUGAL\"},\"image\":{\"@id\":\"https:\/\/kelmeportugal.com\/#\/schema\/logo\/image\/\"},\"sameAs\":[\"https:\/\/www.facebook.com\/kelmeportugaloficial\/\",\"https:\/\/www.instagram.com\/kelmeportugal\/\",\"https:\/\/pt.linkedin.com\/in\/geracaoaudaciosa\"]}]}<\/script>\n<!-- \/ Yoast SEO plugin. -->","yoast_head_json":{"title":"Conjunto KELME ALICANTE - KELME Portugal","robots":{"index":"index","follow":"follow","max-snippet":"max-snippet:-1","max-image-preview":"max-image-preview:large","max-video-preview":"max-video-preview:-1"},"canonical":"https:\/\/kelmeportugal.com\/en\/product\/conjunto-kelme-alicante\/","og_locale":"en_US","og_type":"article","og_title":"Conjunto KELME ALICANTE - KELME Portugal","og_description":"Conjunto Camisola Manga Curta + Cal\u00e7\u00e3o Alicante Composi\u00e7\u00e3o: 100 % Polyester Tamanhos: JR:\u00a06 &#8211; 8 &#8211; 10 &#8211; 12 &#8211; 14 SR: XS &#8211; S &#8211; M &#8211; L &#8211; XL &#8211; 2XL &#8211; 3XL &#8211; 4XL","og_url":"https:\/\/kelmeportugal.com\/en\/product\/conjunto-kelme-alicante\/","og_site_name":"KELME Portugal","article_publisher":"https:\/\/www.facebook.com\/kelmeportugaloficial\/","article_modified_time":"2024-08-13T10:44:38+00:00","og_image":[{"width":650,"height":975,"url":"https:\/\/kelmeportugal.com\/wp-content\/uploads\/2024\/08\/3881020_9420.jpg","type":"image\/jpeg"}],"twitter_card":"summary_large_image","twitter_misc":{"Est. reading time":"1 minute"},"schema":{"@context":"https:\/\/schema.org","@graph":[{"@type":"WebPage","@id":"https:\/\/kelmeportugal.com\/produto\/conjunto-kelme-alicante\/","url":"https:\/\/kelmeportugal.com\/produto\/conjunto-kelme-alicante\/","name":"Conjunto KELME ALICANTE - KELME Portugal","isPartOf":{"@id":"https:\/\/kelmeportugal.com\/#website"},"primaryImageOfPage":{"@id":"https:\/\/kelmeportugal.com\/produto\/conjunto-kelme-alicante\/#primaryimage"},"image":{"@id":"https:\/\/kelmeportugal.com\/produto\/conjunto-kelme-alicante\/#primaryimage"},"thumbnailUrl":"https:\/\/kelmeportugal.com\/wp-content\/uploads\/2024\/08\/3881020_9420.jpg","datePublished":"2024-07-18T15:37:34+00:00","dateModified":"2024-08-13T10:44:38+00:00","breadcrumb":{"@id":"https:\/\/kelmeportugal.com\/produto\/conjunto-kelme-alicante\/#breadcrumb"},"inLanguage":"en-US","potentialAction":[{"@type":"ReadAction","target":["https:\/\/kelmeportugal.com\/produto\/conjunto-kelme-alicante\/"]}]},{"@type":"ImageObject","inLanguage":"en-US","@id":"https:\/\/kelmeportugal.com\/produto\/conjunto-kelme-alicante\/#primaryimage","url":"https:\/\/kelmeportugal.com\/wp-content\/uploads\/2024\/08\/3881020_9420.jpg","contentUrl":"https:\/\/kelmeportugal.com\/wp-content\/uploads\/2024\/08\/3881020_9420.jpg","width":650,"height":975},{"@type":"BreadcrumbList","@id":"https:\/\/kelmeportugal.com\/produto\/conjunto-kelme-alicante\/#breadcrumb","itemListElement":[{"@type":"ListItem","position":1,"name":"In\u00edcio","item":"https:\/\/kelmeportugal.com\/"},{"@type":"ListItem","position":2,"name":"Loja","item":"https:\/\/kelmeportugal.com\/loja\/"},{"@type":"ListItem","position":3,"name":"Conjunto KELME ALICANTE"}]},{"@type":"WebSite","@id":"https:\/\/kelmeportugal.com\/#website","url":"https:\/\/kelmeportugal.com\/","name":"KELME PORTUGAL","description":"Artigos de Desporto","publisher":{"@id":"https:\/\/kelmeportugal.com\/#organization"},"potentialAction":[{"@type":"SearchAction","target":{"@type":"EntryPoint","urlTemplate":"https:\/\/kelmeportugal.com\/?s={search_term_string}"},"query-input":{"@type":"PropertyValueSpecification","valueRequired":true,"valueName":"search_term_string"}}],"inLanguage":"en-US"},{"@type":"Organization","@id":"https:\/\/kelmeportugal.com\/#organization","name":"KELME PORTUGAL","url":"https:\/\/kelmeportugal.com\/","logo":{"@type":"ImageObject","inLanguage":"en-US","@id":"https:\/\/kelmeportugal.com\/#\/schema\/logo\/image\/","url":"https:\/\/kelmeportugal.com\/wp-content\/uploads\/2024\/05\/logo-dark.png","contentUrl":"https:\/\/kelmeportugal.com\/wp-content\/uploads\/2024\/05\/logo-dark.png","width":545,"height":72,"caption":"KELME PORTUGAL"},"image":{"@id":"https:\/\/kelmeportugal.com\/#\/schema\/logo\/image\/"},"sameAs":["https:\/\/www.facebook.com\/kelmeportugaloficial\/","https:\/\/www.instagram.com\/kelmeportugal\/","https:\/\/pt.linkedin.com\/in\/geracaoaudaciosa"]}]}},"_links":{"self":[{"href":"https:\/\/kelmeportugal.com\/en\/wp-json\/wp\/v2\/product\/58940","targetHints":{"allow":["GET"]}}],"collection":[{"href":"https:\/\/kelmeportugal.com\/en\/wp-json\/wp\/v2\/product"}],"about":[{"href":"https:\/\/kelmeportugal.com\/en\/wp-json\/wp\/v2\/types\/product"}],"version-history":[{"count":2,"href":"https:\/\/kelmeportugal.com\/en\/wp-json\/wp\/v2\/product\/58940\/revisions"}],"predecessor-version":[{"id":65344,"href":"https:\/\/kelmeportugal.com\/en\/wp-json\/wp\/v2\/product\/58940\/revisions\/65344"}],"wp:featuredmedia":[{"embeddable":true,"href":"https:\/\/kelmeportugal.com\/en\/wp-json\/wp\/v2\/media\/65025"}],"wp:attachment":[{"href":"https:\/\/kelmeportugal.com\/en\/wp-json\/wp\/v2\/media?parent=58940"}],"wp:term":[{"taxonomy":"product_brand","embeddable":true,"href":"https:\/\/kelmeportugal.com\/en\/wp-json\/wp\/v2\/genre?post=58940"},{"taxonomy":"product_cat","embeddable":true,"href":"https:\/\/kelmeportugal.com\/en\/wp-json\/wp\/v2\/product_cat?post=58940"},{"taxonomy":"product_tag","embeddable":true,"href":"https:\/\/kelmeportugal.com\/en\/wp-json\/wp\/v2\/product_tag?post=58940"}],"curies":[{"name":"wp","href":"https:\/\/api.w.org\/{rel}","templated":true}]}}