{"id":62516,"date":"2024-07-19T11:12:17","date_gmt":"2024-07-19T10:12:17","guid":{"rendered":"https:\/\/kelmeportugal.com\/product\/meias-futebol-s-pe-one-ii\/"},"modified":"2026-02-06T11:21:02","modified_gmt":"2026-02-06T11:21:02","slug":"meias-futebol-s-pe-one-ii","status":"publish","type":"product","link":"https:\/\/kelmeportugal.com\/en\/product\/meias-futebol-s-pe-one-ii\/","title":{"rendered":"Meias Futebol S\/P\u00e9 ONE II"},"content":{"rendered":"<p>Meias de Futebol Sem P\u00e9 One II<\/p>\n<p>Composi\u00e7\u00e3o: 100 % Polyamida<\/p>\n<p>Tamanhos:<br \/>\nJR:\u00a06 (28-30) &#8211; 8 (31-34) &#8211; 10 (35-37)<br \/>\nSR:\u00a0M (38-40)\u00a0&#8211; L (41-43) &#8211; XL (44-46)<\/p>","protected":false},"excerpt":{"rendered":"<p>Meias de Futebol Sem P\u00e9 One II Composi\u00e7\u00e3o: 100 % Polyamida Tamanhos: JR:\u00a06 (28-30) &#8211; 8 (31-34) &#8211; 10 (35-37) SR:\u00a0M (38-40)\u00a0&#8211; L (41-43) &#8211; XL (44-46)<\/p>","protected":false},"featured_media":62517,"template":"","meta":{"_acf_changed":false},"genre":[],"product_cat":[349],"product_tag":[],"class_list":{"0":"post-62516","1":"product","2":"type-product","3":"status-publish","4":"has-post-thumbnail","6":"product_cat-meias","8":"first","9":"instock","10":"taxable","11":"shipping-taxable","12":"product-type-variable"},"acf":[],"yoast_head":"<!-- This site is optimized with the Yoast SEO plugin v27.2 - https:\/\/yoast.com\/product\/yoast-seo-wordpress\/ -->\n<title>Meias Futebol S\/P\u00e9 ONE II - KELME Portugal<\/title>\n<meta name=\"robots\" content=\"index, follow, max-snippet:-1, max-image-preview:large, max-video-preview:-1\" \/>\n<link rel=\"canonical\" href=\"https:\/\/kelmeportugal.com\/en\/product\/meias-futebol-s-pe-one-ii\/\" \/>\n<meta property=\"og:locale\" content=\"en_US\" \/>\n<meta property=\"og:type\" content=\"article\" \/>\n<meta property=\"og:title\" content=\"Meias Futebol S\/P\u00e9 ONE II - KELME Portugal\" \/>\n<meta property=\"og:description\" content=\"Meias de Futebol Sem P\u00e9 One II Composi\u00e7\u00e3o: 100 % Polyamida Tamanhos: JR:\u00a06 (28-30) &#8211; 8 (31-34) &#8211; 10 (35-37) SR:\u00a0M (38-40)\u00a0&#8211; L (41-43) &#8211; XL (44-46)\" \/>\n<meta property=\"og:url\" content=\"https:\/\/kelmeportugal.com\/en\/product\/meias-futebol-s-pe-one-ii\/\" \/>\n<meta property=\"og:site_name\" content=\"KELME Portugal\" \/>\n<meta property=\"article:publisher\" content=\"https:\/\/www.facebook.com\/kelmeportugaloficial\/\" \/>\n<meta property=\"article:modified_time\" content=\"2026-02-06T11:21:02+00:00\" \/>\n<meta property=\"og:image\" content=\"https:\/\/kelmeportugal.com\/wp-content\/uploads\/2024\/07\/55904_35.png\" \/>\n\t<meta property=\"og:image:width\" content=\"1080\" \/>\n\t<meta property=\"og:image:height\" content=\"1080\" \/>\n\t<meta property=\"og:image:type\" content=\"image\/png\" \/>\n<meta name=\"twitter:card\" content=\"summary_large_image\" \/>\n<meta name=\"twitter:label1\" content=\"Est. reading time\" \/>\n\t<meta name=\"twitter:data1\" content=\"1 minute\" \/>\n<script type=\"application\/ld+json\" class=\"yoast-schema-graph\">{\"@context\":\"https:\/\/schema.org\",\"@graph\":[{\"@type\":\"WebPage\",\"@id\":\"https:\/\/kelmeportugal.com\/produto\/meias-futebol-s-pe-one-ii\/\",\"url\":\"https:\/\/kelmeportugal.com\/produto\/meias-futebol-s-pe-one-ii\/\",\"name\":\"Meias Futebol S\/P\u00e9 ONE II - KELME Portugal\",\"isPartOf\":{\"@id\":\"https:\/\/kelmeportugal.com\/#website\"},\"primaryImageOfPage\":{\"@id\":\"https:\/\/kelmeportugal.com\/produto\/meias-futebol-s-pe-one-ii\/#primaryimage\"},\"image\":{\"@id\":\"https:\/\/kelmeportugal.com\/produto\/meias-futebol-s-pe-one-ii\/#primaryimage\"},\"thumbnailUrl\":\"https:\/\/kelmeportugal.com\/wp-content\/uploads\/2024\/07\/55904_35.png\",\"datePublished\":\"2024-07-19T10:12:17+00:00\",\"dateModified\":\"2026-02-06T11:21:02+00:00\",\"breadcrumb\":{\"@id\":\"https:\/\/kelmeportugal.com\/produto\/meias-futebol-s-pe-one-ii\/#breadcrumb\"},\"inLanguage\":\"en-US\",\"potentialAction\":[{\"@type\":\"ReadAction\",\"target\":[\"https:\/\/kelmeportugal.com\/produto\/meias-futebol-s-pe-one-ii\/\"]}]},{\"@type\":\"ImageObject\",\"inLanguage\":\"en-US\",\"@id\":\"https:\/\/kelmeportugal.com\/produto\/meias-futebol-s-pe-one-ii\/#primaryimage\",\"url\":\"https:\/\/kelmeportugal.com\/wp-content\/uploads\/2024\/07\/55904_35.png\",\"contentUrl\":\"https:\/\/kelmeportugal.com\/wp-content\/uploads\/2024\/07\/55904_35.png\",\"width\":1080,\"height\":1080},{\"@type\":\"BreadcrumbList\",\"@id\":\"https:\/\/kelmeportugal.com\/produto\/meias-futebol-s-pe-one-ii\/#breadcrumb\",\"itemListElement\":[{\"@type\":\"ListItem\",\"position\":1,\"name\":\"In\u00edcio\",\"item\":\"https:\/\/kelmeportugal.com\/\"},{\"@type\":\"ListItem\",\"position\":2,\"name\":\"Loja\",\"item\":\"https:\/\/kelmeportugal.com\/loja\/\"},{\"@type\":\"ListItem\",\"position\":3,\"name\":\"Meias Futebol S\/P\u00e9 ONE II\"}]},{\"@type\":\"WebSite\",\"@id\":\"https:\/\/kelmeportugal.com\/#website\",\"url\":\"https:\/\/kelmeportugal.com\/\",\"name\":\"KELME PORTUGAL\",\"description\":\"Artigos de Desporto\",\"publisher\":{\"@id\":\"https:\/\/kelmeportugal.com\/#organization\"},\"potentialAction\":[{\"@type\":\"SearchAction\",\"target\":{\"@type\":\"EntryPoint\",\"urlTemplate\":\"https:\/\/kelmeportugal.com\/?s={search_term_string}\"},\"query-input\":{\"@type\":\"PropertyValueSpecification\",\"valueRequired\":true,\"valueName\":\"search_term_string\"}}],\"inLanguage\":\"en-US\"},{\"@type\":\"Organization\",\"@id\":\"https:\/\/kelmeportugal.com\/#organization\",\"name\":\"KELME PORTUGAL\",\"url\":\"https:\/\/kelmeportugal.com\/\",\"logo\":{\"@type\":\"ImageObject\",\"inLanguage\":\"en-US\",\"@id\":\"https:\/\/kelmeportugal.com\/#\/schema\/logo\/image\/\",\"url\":\"https:\/\/kelmeportugal.com\/wp-content\/uploads\/2024\/05\/logo-dark.png\",\"contentUrl\":\"https:\/\/kelmeportugal.com\/wp-content\/uploads\/2024\/05\/logo-dark.png\",\"width\":545,\"height\":72,\"caption\":\"KELME PORTUGAL\"},\"image\":{\"@id\":\"https:\/\/kelmeportugal.com\/#\/schema\/logo\/image\/\"},\"sameAs\":[\"https:\/\/www.facebook.com\/kelmeportugaloficial\/\",\"https:\/\/www.instagram.com\/kelmeportugal\/\",\"https:\/\/pt.linkedin.com\/in\/geracaoaudaciosa\"]}]}<\/script>\n<!-- \/ Yoast SEO plugin. -->","yoast_head_json":{"title":"Meias Futebol S\/P\u00e9 ONE II - KELME Portugal","robots":{"index":"index","follow":"follow","max-snippet":"max-snippet:-1","max-image-preview":"max-image-preview:large","max-video-preview":"max-video-preview:-1"},"canonical":"https:\/\/kelmeportugal.com\/en\/product\/meias-futebol-s-pe-one-ii\/","og_locale":"en_US","og_type":"article","og_title":"Meias Futebol S\/P\u00e9 ONE II - KELME Portugal","og_description":"Meias de Futebol Sem P\u00e9 One II Composi\u00e7\u00e3o: 100 % Polyamida Tamanhos: JR:\u00a06 (28-30) &#8211; 8 (31-34) &#8211; 10 (35-37) SR:\u00a0M (38-40)\u00a0&#8211; L (41-43) &#8211; XL (44-46)","og_url":"https:\/\/kelmeportugal.com\/en\/product\/meias-futebol-s-pe-one-ii\/","og_site_name":"KELME Portugal","article_publisher":"https:\/\/www.facebook.com\/kelmeportugaloficial\/","article_modified_time":"2026-02-06T11:21:02+00:00","og_image":[{"width":1080,"height":1080,"url":"https:\/\/kelmeportugal.com\/wp-content\/uploads\/2024\/07\/55904_35.png","type":"image\/png"}],"twitter_card":"summary_large_image","twitter_misc":{"Est. reading time":"1 minute"},"schema":{"@context":"https:\/\/schema.org","@graph":[{"@type":"WebPage","@id":"https:\/\/kelmeportugal.com\/produto\/meias-futebol-s-pe-one-ii\/","url":"https:\/\/kelmeportugal.com\/produto\/meias-futebol-s-pe-one-ii\/","name":"Meias Futebol S\/P\u00e9 ONE II - KELME Portugal","isPartOf":{"@id":"https:\/\/kelmeportugal.com\/#website"},"primaryImageOfPage":{"@id":"https:\/\/kelmeportugal.com\/produto\/meias-futebol-s-pe-one-ii\/#primaryimage"},"image":{"@id":"https:\/\/kelmeportugal.com\/produto\/meias-futebol-s-pe-one-ii\/#primaryimage"},"thumbnailUrl":"https:\/\/kelmeportugal.com\/wp-content\/uploads\/2024\/07\/55904_35.png","datePublished":"2024-07-19T10:12:17+00:00","dateModified":"2026-02-06T11:21:02+00:00","breadcrumb":{"@id":"https:\/\/kelmeportugal.com\/produto\/meias-futebol-s-pe-one-ii\/#breadcrumb"},"inLanguage":"en-US","potentialAction":[{"@type":"ReadAction","target":["https:\/\/kelmeportugal.com\/produto\/meias-futebol-s-pe-one-ii\/"]}]},{"@type":"ImageObject","inLanguage":"en-US","@id":"https:\/\/kelmeportugal.com\/produto\/meias-futebol-s-pe-one-ii\/#primaryimage","url":"https:\/\/kelmeportugal.com\/wp-content\/uploads\/2024\/07\/55904_35.png","contentUrl":"https:\/\/kelmeportugal.com\/wp-content\/uploads\/2024\/07\/55904_35.png","width":1080,"height":1080},{"@type":"BreadcrumbList","@id":"https:\/\/kelmeportugal.com\/produto\/meias-futebol-s-pe-one-ii\/#breadcrumb","itemListElement":[{"@type":"ListItem","position":1,"name":"In\u00edcio","item":"https:\/\/kelmeportugal.com\/"},{"@type":"ListItem","position":2,"name":"Loja","item":"https:\/\/kelmeportugal.com\/loja\/"},{"@type":"ListItem","position":3,"name":"Meias Futebol S\/P\u00e9 ONE II"}]},{"@type":"WebSite","@id":"https:\/\/kelmeportugal.com\/#website","url":"https:\/\/kelmeportugal.com\/","name":"KELME PORTUGAL","description":"Artigos de Desporto","publisher":{"@id":"https:\/\/kelmeportugal.com\/#organization"},"potentialAction":[{"@type":"SearchAction","target":{"@type":"EntryPoint","urlTemplate":"https:\/\/kelmeportugal.com\/?s={search_term_string}"},"query-input":{"@type":"PropertyValueSpecification","valueRequired":true,"valueName":"search_term_string"}}],"inLanguage":"en-US"},{"@type":"Organization","@id":"https:\/\/kelmeportugal.com\/#organization","name":"KELME PORTUGAL","url":"https:\/\/kelmeportugal.com\/","logo":{"@type":"ImageObject","inLanguage":"en-US","@id":"https:\/\/kelmeportugal.com\/#\/schema\/logo\/image\/","url":"https:\/\/kelmeportugal.com\/wp-content\/uploads\/2024\/05\/logo-dark.png","contentUrl":"https:\/\/kelmeportugal.com\/wp-content\/uploads\/2024\/05\/logo-dark.png","width":545,"height":72,"caption":"KELME PORTUGAL"},"image":{"@id":"https:\/\/kelmeportugal.com\/#\/schema\/logo\/image\/"},"sameAs":["https:\/\/www.facebook.com\/kelmeportugaloficial\/","https:\/\/www.instagram.com\/kelmeportugal\/","https:\/\/pt.linkedin.com\/in\/geracaoaudaciosa"]}]}},"_links":{"self":[{"href":"https:\/\/kelmeportugal.com\/en\/wp-json\/wp\/v2\/product\/62516","targetHints":{"allow":["GET"]}}],"collection":[{"href":"https:\/\/kelmeportugal.com\/en\/wp-json\/wp\/v2\/product"}],"about":[{"href":"https:\/\/kelmeportugal.com\/en\/wp-json\/wp\/v2\/types\/product"}],"version-history":[{"count":3,"href":"https:\/\/kelmeportugal.com\/en\/wp-json\/wp\/v2\/product\/62516\/revisions"}],"predecessor-version":[{"id":65253,"href":"https:\/\/kelmeportugal.com\/en\/wp-json\/wp\/v2\/product\/62516\/revisions\/65253"}],"wp:featuredmedia":[{"embeddable":true,"href":"https:\/\/kelmeportugal.com\/en\/wp-json\/wp\/v2\/media\/62517"}],"wp:attachment":[{"href":"https:\/\/kelmeportugal.com\/en\/wp-json\/wp\/v2\/media?parent=62516"}],"wp:term":[{"taxonomy":"product_brand","embeddable":true,"href":"https:\/\/kelmeportugal.com\/en\/wp-json\/wp\/v2\/genre?post=62516"},{"taxonomy":"product_cat","embeddable":true,"href":"https:\/\/kelmeportugal.com\/en\/wp-json\/wp\/v2\/product_cat?post=62516"},{"taxonomy":"product_tag","embeddable":true,"href":"https:\/\/kelmeportugal.com\/en\/wp-json\/wp\/v2\/product_tag?post=62516"}],"curies":[{"name":"wp","href":"https:\/\/api.w.org\/{rel}","templated":true}]}}