{"id":62839,"date":"2024-07-19T11:23:24","date_gmt":"2024-07-19T10:23:24","guid":{"rendered":"https:\/\/kelmeportugal.com\/product\/meias-de-jogo-de-atleta-c-s-sao-joao\/"},"modified":"2024-10-16T11:53:11","modified_gmt":"2024-10-16T10:53:11","slug":"meias-de-jogo-de-atleta-c-s-sao-joao","status":"publish","type":"product","link":"https:\/\/kelmeportugal.com\/en\/product\/meias-de-jogo-de-atleta-c-s-sao-joao\/","title":{"rendered":"Meias de Jogo de Atleta C.S. S\u00e3o Jo\u00e3o"},"content":{"rendered":"<p>Meias de Jogo de Atleta Gera\u00e7\u00e3o RD<\/p>\n<p>Composi\u00e7\u00e3o: 45% Nylon + 30% Cotton + 25% Elastano<\/p>\n<p>Tamanhos:\u00a0M (39-41) &#8211; L (42-44) &#8211; XL (45-48)<\/p>","protected":false},"excerpt":{"rendered":"<p>Meias de Jogo de Atleta Gera\u00e7\u00e3o RD Composi\u00e7\u00e3o: 45% Nylon + 30% Cotton + 25% Elastano Tamanhos:\u00a0M (39-41) &#8211; L (42-44) &#8211; XL (45-48)<\/p>","protected":false},"featured_media":62840,"template":"","meta":{"_acf_changed":false},"genre":[],"product_cat":[361,349],"product_tag":[],"class_list":{"0":"post-62839","1":"product","2":"type-product","3":"status-publish","4":"has-post-thumbnail","6":"product_cat-clubesxd-cs-sao-joao","7":"product_cat-meias","9":"first","10":"instock","11":"taxable","12":"shipping-taxable","13":"purchasable","14":"product-type-variable"},"acf":[],"yoast_head":"<!-- This site is optimized with the Yoast SEO plugin v27.2 - https:\/\/yoast.com\/product\/yoast-seo-wordpress\/ -->\n<title>Meias de Jogo de Atleta C.S. S\u00e3o Jo\u00e3o - KELME Portugal<\/title>\n<meta name=\"robots\" content=\"index, follow, max-snippet:-1, max-image-preview:large, max-video-preview:-1\" \/>\n<link rel=\"canonical\" href=\"https:\/\/kelmeportugal.com\/en\/product\/meias-de-jogo-de-atleta-c-s-sao-joao\/\" \/>\n<meta property=\"og:locale\" content=\"en_US\" \/>\n<meta property=\"og:type\" content=\"article\" \/>\n<meta property=\"og:title\" content=\"Meias de Jogo de Atleta C.S. S\u00e3o Jo\u00e3o - KELME Portugal\" \/>\n<meta property=\"og:description\" content=\"Meias de Jogo de Atleta Gera\u00e7\u00e3o RD Composi\u00e7\u00e3o: 45% Nylon + 30% Cotton + 25% Elastano Tamanhos:\u00a0M (39-41) &#8211; L (42-44) &#8211; XL (45-48)\" \/>\n<meta property=\"og:url\" content=\"https:\/\/kelmeportugal.com\/en\/product\/meias-de-jogo-de-atleta-c-s-sao-joao\/\" \/>\n<meta property=\"og:site_name\" content=\"KELME Portugal\" \/>\n<meta property=\"article:publisher\" content=\"https:\/\/www.facebook.com\/kelmeportugaloficial\/\" \/>\n<meta property=\"article:modified_time\" content=\"2024-10-16T10:53:11+00:00\" \/>\n<meta property=\"og:image\" content=\"https:\/\/kelmeportugal.com\/wp-content\/uploads\/2024\/07\/Meias_One___Amarelo_Preto-scaled.jpg\" \/>\n\t<meta property=\"og:image:width\" content=\"2560\" \/>\n\t<meta property=\"og:image:height\" content=\"2560\" \/>\n\t<meta property=\"og:image:type\" content=\"image\/jpeg\" \/>\n<meta name=\"twitter:card\" content=\"summary_large_image\" \/>\n<meta name=\"twitter:label1\" content=\"Est. reading time\" \/>\n\t<meta name=\"twitter:data1\" content=\"1 minute\" \/>\n<script type=\"application\/ld+json\" class=\"yoast-schema-graph\">{\"@context\":\"https:\/\/schema.org\",\"@graph\":[{\"@type\":\"WebPage\",\"@id\":\"https:\/\/kelmeportugal.com\/produto\/meias-de-jogo-de-atleta-c-s-sao-joao\/\",\"url\":\"https:\/\/kelmeportugal.com\/produto\/meias-de-jogo-de-atleta-c-s-sao-joao\/\",\"name\":\"Meias de Jogo de Atleta C.S. S\u00e3o Jo\u00e3o - KELME Portugal\",\"isPartOf\":{\"@id\":\"https:\/\/kelmeportugal.com\/#website\"},\"primaryImageOfPage\":{\"@id\":\"https:\/\/kelmeportugal.com\/produto\/meias-de-jogo-de-atleta-c-s-sao-joao\/#primaryimage\"},\"image\":{\"@id\":\"https:\/\/kelmeportugal.com\/produto\/meias-de-jogo-de-atleta-c-s-sao-joao\/#primaryimage\"},\"thumbnailUrl\":\"https:\/\/kelmeportugal.com\/wp-content\/uploads\/2024\/07\/Meias_One___Amarelo_Preto-scaled.jpg\",\"datePublished\":\"2024-07-19T10:23:24+00:00\",\"dateModified\":\"2024-10-16T10:53:11+00:00\",\"breadcrumb\":{\"@id\":\"https:\/\/kelmeportugal.com\/produto\/meias-de-jogo-de-atleta-c-s-sao-joao\/#breadcrumb\"},\"inLanguage\":\"en-US\",\"potentialAction\":[{\"@type\":\"ReadAction\",\"target\":[\"https:\/\/kelmeportugal.com\/produto\/meias-de-jogo-de-atleta-c-s-sao-joao\/\"]}]},{\"@type\":\"ImageObject\",\"inLanguage\":\"en-US\",\"@id\":\"https:\/\/kelmeportugal.com\/produto\/meias-de-jogo-de-atleta-c-s-sao-joao\/#primaryimage\",\"url\":\"https:\/\/kelmeportugal.com\/wp-content\/uploads\/2024\/07\/Meias_One___Amarelo_Preto-scaled.jpg\",\"contentUrl\":\"https:\/\/kelmeportugal.com\/wp-content\/uploads\/2024\/07\/Meias_One___Amarelo_Preto-scaled.jpg\",\"width\":2560,\"height\":2560},{\"@type\":\"BreadcrumbList\",\"@id\":\"https:\/\/kelmeportugal.com\/produto\/meias-de-jogo-de-atleta-c-s-sao-joao\/#breadcrumb\",\"itemListElement\":[{\"@type\":\"ListItem\",\"position\":1,\"name\":\"In\u00edcio\",\"item\":\"https:\/\/kelmeportugal.com\/\"},{\"@type\":\"ListItem\",\"position\":2,\"name\":\"Loja\",\"item\":\"https:\/\/kelmeportugal.com\/loja\/\"},{\"@type\":\"ListItem\",\"position\":3,\"name\":\"Meias de Jogo de Atleta C.S. S\u00e3o Jo\u00e3o\"}]},{\"@type\":\"WebSite\",\"@id\":\"https:\/\/kelmeportugal.com\/#website\",\"url\":\"https:\/\/kelmeportugal.com\/\",\"name\":\"KELME PORTUGAL\",\"description\":\"Artigos de Desporto\",\"publisher\":{\"@id\":\"https:\/\/kelmeportugal.com\/#organization\"},\"potentialAction\":[{\"@type\":\"SearchAction\",\"target\":{\"@type\":\"EntryPoint\",\"urlTemplate\":\"https:\/\/kelmeportugal.com\/?s={search_term_string}\"},\"query-input\":{\"@type\":\"PropertyValueSpecification\",\"valueRequired\":true,\"valueName\":\"search_term_string\"}}],\"inLanguage\":\"en-US\"},{\"@type\":\"Organization\",\"@id\":\"https:\/\/kelmeportugal.com\/#organization\",\"name\":\"KELME PORTUGAL\",\"url\":\"https:\/\/kelmeportugal.com\/\",\"logo\":{\"@type\":\"ImageObject\",\"inLanguage\":\"en-US\",\"@id\":\"https:\/\/kelmeportugal.com\/#\/schema\/logo\/image\/\",\"url\":\"https:\/\/kelmeportugal.com\/wp-content\/uploads\/2024\/05\/logo-dark.png\",\"contentUrl\":\"https:\/\/kelmeportugal.com\/wp-content\/uploads\/2024\/05\/logo-dark.png\",\"width\":545,\"height\":72,\"caption\":\"KELME PORTUGAL\"},\"image\":{\"@id\":\"https:\/\/kelmeportugal.com\/#\/schema\/logo\/image\/\"},\"sameAs\":[\"https:\/\/www.facebook.com\/kelmeportugaloficial\/\",\"https:\/\/www.instagram.com\/kelmeportugal\/\",\"https:\/\/pt.linkedin.com\/in\/geracaoaudaciosa\"]}]}<\/script>\n<!-- \/ Yoast SEO plugin. -->","yoast_head_json":{"title":"Meias de Jogo de Atleta C.S. S\u00e3o Jo\u00e3o - KELME Portugal","robots":{"index":"index","follow":"follow","max-snippet":"max-snippet:-1","max-image-preview":"max-image-preview:large","max-video-preview":"max-video-preview:-1"},"canonical":"https:\/\/kelmeportugal.com\/en\/product\/meias-de-jogo-de-atleta-c-s-sao-joao\/","og_locale":"en_US","og_type":"article","og_title":"Meias de Jogo de Atleta C.S. S\u00e3o Jo\u00e3o - KELME Portugal","og_description":"Meias de Jogo de Atleta Gera\u00e7\u00e3o RD Composi\u00e7\u00e3o: 45% Nylon + 30% Cotton + 25% Elastano Tamanhos:\u00a0M (39-41) &#8211; L (42-44) &#8211; XL (45-48)","og_url":"https:\/\/kelmeportugal.com\/en\/product\/meias-de-jogo-de-atleta-c-s-sao-joao\/","og_site_name":"KELME Portugal","article_publisher":"https:\/\/www.facebook.com\/kelmeportugaloficial\/","article_modified_time":"2024-10-16T10:53:11+00:00","og_image":[{"width":2560,"height":2560,"url":"https:\/\/kelmeportugal.com\/wp-content\/uploads\/2024\/07\/Meias_One___Amarelo_Preto-scaled.jpg","type":"image\/jpeg"}],"twitter_card":"summary_large_image","twitter_misc":{"Est. reading time":"1 minute"},"schema":{"@context":"https:\/\/schema.org","@graph":[{"@type":"WebPage","@id":"https:\/\/kelmeportugal.com\/produto\/meias-de-jogo-de-atleta-c-s-sao-joao\/","url":"https:\/\/kelmeportugal.com\/produto\/meias-de-jogo-de-atleta-c-s-sao-joao\/","name":"Meias de Jogo de Atleta C.S. S\u00e3o Jo\u00e3o - KELME Portugal","isPartOf":{"@id":"https:\/\/kelmeportugal.com\/#website"},"primaryImageOfPage":{"@id":"https:\/\/kelmeportugal.com\/produto\/meias-de-jogo-de-atleta-c-s-sao-joao\/#primaryimage"},"image":{"@id":"https:\/\/kelmeportugal.com\/produto\/meias-de-jogo-de-atleta-c-s-sao-joao\/#primaryimage"},"thumbnailUrl":"https:\/\/kelmeportugal.com\/wp-content\/uploads\/2024\/07\/Meias_One___Amarelo_Preto-scaled.jpg","datePublished":"2024-07-19T10:23:24+00:00","dateModified":"2024-10-16T10:53:11+00:00","breadcrumb":{"@id":"https:\/\/kelmeportugal.com\/produto\/meias-de-jogo-de-atleta-c-s-sao-joao\/#breadcrumb"},"inLanguage":"en-US","potentialAction":[{"@type":"ReadAction","target":["https:\/\/kelmeportugal.com\/produto\/meias-de-jogo-de-atleta-c-s-sao-joao\/"]}]},{"@type":"ImageObject","inLanguage":"en-US","@id":"https:\/\/kelmeportugal.com\/produto\/meias-de-jogo-de-atleta-c-s-sao-joao\/#primaryimage","url":"https:\/\/kelmeportugal.com\/wp-content\/uploads\/2024\/07\/Meias_One___Amarelo_Preto-scaled.jpg","contentUrl":"https:\/\/kelmeportugal.com\/wp-content\/uploads\/2024\/07\/Meias_One___Amarelo_Preto-scaled.jpg","width":2560,"height":2560},{"@type":"BreadcrumbList","@id":"https:\/\/kelmeportugal.com\/produto\/meias-de-jogo-de-atleta-c-s-sao-joao\/#breadcrumb","itemListElement":[{"@type":"ListItem","position":1,"name":"In\u00edcio","item":"https:\/\/kelmeportugal.com\/"},{"@type":"ListItem","position":2,"name":"Loja","item":"https:\/\/kelmeportugal.com\/loja\/"},{"@type":"ListItem","position":3,"name":"Meias de Jogo de Atleta C.S. S\u00e3o Jo\u00e3o"}]},{"@type":"WebSite","@id":"https:\/\/kelmeportugal.com\/#website","url":"https:\/\/kelmeportugal.com\/","name":"KELME PORTUGAL","description":"Artigos de Desporto","publisher":{"@id":"https:\/\/kelmeportugal.com\/#organization"},"potentialAction":[{"@type":"SearchAction","target":{"@type":"EntryPoint","urlTemplate":"https:\/\/kelmeportugal.com\/?s={search_term_string}"},"query-input":{"@type":"PropertyValueSpecification","valueRequired":true,"valueName":"search_term_string"}}],"inLanguage":"en-US"},{"@type":"Organization","@id":"https:\/\/kelmeportugal.com\/#organization","name":"KELME PORTUGAL","url":"https:\/\/kelmeportugal.com\/","logo":{"@type":"ImageObject","inLanguage":"en-US","@id":"https:\/\/kelmeportugal.com\/#\/schema\/logo\/image\/","url":"https:\/\/kelmeportugal.com\/wp-content\/uploads\/2024\/05\/logo-dark.png","contentUrl":"https:\/\/kelmeportugal.com\/wp-content\/uploads\/2024\/05\/logo-dark.png","width":545,"height":72,"caption":"KELME PORTUGAL"},"image":{"@id":"https:\/\/kelmeportugal.com\/#\/schema\/logo\/image\/"},"sameAs":["https:\/\/www.facebook.com\/kelmeportugaloficial\/","https:\/\/www.instagram.com\/kelmeportugal\/","https:\/\/pt.linkedin.com\/in\/geracaoaudaciosa"]}]}},"_links":{"self":[{"href":"https:\/\/kelmeportugal.com\/en\/wp-json\/wp\/v2\/product\/62839","targetHints":{"allow":["GET"]}}],"collection":[{"href":"https:\/\/kelmeportugal.com\/en\/wp-json\/wp\/v2\/product"}],"about":[{"href":"https:\/\/kelmeportugal.com\/en\/wp-json\/wp\/v2\/types\/product"}],"version-history":[{"count":2,"href":"https:\/\/kelmeportugal.com\/en\/wp-json\/wp\/v2\/product\/62839\/revisions"}],"predecessor-version":[{"id":71467,"href":"https:\/\/kelmeportugal.com\/en\/wp-json\/wp\/v2\/product\/62839\/revisions\/71467"}],"wp:featuredmedia":[{"embeddable":true,"href":"https:\/\/kelmeportugal.com\/en\/wp-json\/wp\/v2\/media\/62840"}],"wp:attachment":[{"href":"https:\/\/kelmeportugal.com\/en\/wp-json\/wp\/v2\/media?parent=62839"}],"wp:term":[{"taxonomy":"product_brand","embeddable":true,"href":"https:\/\/kelmeportugal.com\/en\/wp-json\/wp\/v2\/genre?post=62839"},{"taxonomy":"product_cat","embeddable":true,"href":"https:\/\/kelmeportugal.com\/en\/wp-json\/wp\/v2\/product_cat?post=62839"},{"taxonomy":"product_tag","embeddable":true,"href":"https:\/\/kelmeportugal.com\/en\/wp-json\/wp\/v2\/product_tag?post=62839"}],"curies":[{"name":"wp","href":"https:\/\/api.w.org\/{rel}","templated":true}]}}