{"id":68610,"date":"2024-09-04T14:21:49","date_gmt":"2024-09-04T13:21:49","guid":{"rendered":"https:\/\/kelmeportugal.com\/produto\/nome-e-no-sc-beira-mar\/"},"modified":"2026-04-27T14:09:39","modified_gmt":"2026-04-27T13:09:39","slug":"nome-e-no-sc-beira-mar","status":"publish","type":"product","link":"https:\/\/kelmeportugal.com\/en\/product\/nome-e-no-sc-beira-mar\/","title":{"rendered":"Nome e N\u00ba SC Beira Mar"},"content":{"rendered":"<p>Nome + N\u00famero para personaliza\u00e7\u00e3o da camisola de jogo &#8211; Boavista FC.<\/p>","protected":false},"excerpt":{"rendered":"<p>Nome + N\u00famero para personaliza\u00e7\u00e3o da camisola de jogo &#8211; Boavista FC.<\/p>","protected":false},"featured_media":65213,"template":"","meta":{"_acf_changed":false},"genre":[],"product_cat":[15],"product_tag":[],"class_list":{"0":"post-68610","1":"product","2":"type-product","3":"status-publish","4":"has-post-thumbnail","6":"product_cat-sem-categoria","8":"first","9":"outofstock","10":"taxable","11":"shipping-taxable","12":"product-type-simple"},"acf":[],"yoast_head":"<!-- This site is optimized with the Yoast SEO plugin v27.2 - https:\/\/yoast.com\/product\/yoast-seo-wordpress\/ -->\n<title>Nome e N\u00ba SC Beira Mar - KELME Portugal<\/title>\n<meta name=\"robots\" content=\"index, follow, max-snippet:-1, max-image-preview:large, max-video-preview:-1\" \/>\n<link rel=\"canonical\" href=\"https:\/\/kelmeportugal.com\/en\/product\/nome-e-no-sc-beira-mar\/\" \/>\n<meta property=\"og:locale\" content=\"en_US\" \/>\n<meta property=\"og:type\" content=\"article\" \/>\n<meta property=\"og:title\" content=\"Nome e N\u00ba SC Beira Mar - KELME Portugal\" \/>\n<meta property=\"og:description\" content=\"Nome + N\u00famero para personaliza\u00e7\u00e3o da camisola de jogo &#8211; Boavista FC.\" \/>\n<meta property=\"og:url\" content=\"https:\/\/kelmeportugal.com\/en\/product\/nome-e-no-sc-beira-mar\/\" \/>\n<meta property=\"og:site_name\" content=\"KELME Portugal\" \/>\n<meta property=\"article:publisher\" content=\"https:\/\/www.facebook.com\/kelmeportugaloficial\/\" \/>\n<meta property=\"article:modified_time\" content=\"2026-04-27T13:09:39+00:00\" \/>\n<meta property=\"og:image\" content=\"https:\/\/kelmeportugal.com\/wp-content\/uploads\/2024\/08\/Kit-de-Saida-Staff-4.png\" \/>\n\t<meta property=\"og:image:width\" content=\"1080\" \/>\n\t<meta property=\"og:image:height\" content=\"1080\" \/>\n\t<meta property=\"og:image:type\" content=\"image\/png\" \/>\n<meta name=\"twitter:card\" content=\"summary_large_image\" \/>\n<meta name=\"twitter:label1\" content=\"Est. reading time\" \/>\n\t<meta name=\"twitter:data1\" content=\"1 minute\" \/>\n<script type=\"application\/ld+json\" class=\"yoast-schema-graph\">{\"@context\":\"https:\/\/schema.org\",\"@graph\":[{\"@type\":\"WebPage\",\"@id\":\"https:\/\/kelmeportugal.com\/produto\/nome-e-no-sc-beira-mar\/\",\"url\":\"https:\/\/kelmeportugal.com\/produto\/nome-e-no-sc-beira-mar\/\",\"name\":\"Nome e N\u00ba SC Beira Mar - KELME Portugal\",\"isPartOf\":{\"@id\":\"https:\/\/kelmeportugal.com\/#website\"},\"primaryImageOfPage\":{\"@id\":\"https:\/\/kelmeportugal.com\/produto\/nome-e-no-sc-beira-mar\/#primaryimage\"},\"image\":{\"@id\":\"https:\/\/kelmeportugal.com\/produto\/nome-e-no-sc-beira-mar\/#primaryimage\"},\"thumbnailUrl\":\"https:\/\/kelmeportugal.com\/wp-content\/uploads\/2024\/08\/Kit-de-Saida-Staff-4.png\",\"datePublished\":\"2024-09-04T13:21:49+00:00\",\"dateModified\":\"2026-04-27T13:09:39+00:00\",\"breadcrumb\":{\"@id\":\"https:\/\/kelmeportugal.com\/produto\/nome-e-no-sc-beira-mar\/#breadcrumb\"},\"inLanguage\":\"en-US\",\"potentialAction\":[{\"@type\":\"ReadAction\",\"target\":[\"https:\/\/kelmeportugal.com\/produto\/nome-e-no-sc-beira-mar\/\"]}]},{\"@type\":\"ImageObject\",\"inLanguage\":\"en-US\",\"@id\":\"https:\/\/kelmeportugal.com\/produto\/nome-e-no-sc-beira-mar\/#primaryimage\",\"url\":\"https:\/\/kelmeportugal.com\/wp-content\/uploads\/2024\/08\/Kit-de-Saida-Staff-4.png\",\"contentUrl\":\"https:\/\/kelmeportugal.com\/wp-content\/uploads\/2024\/08\/Kit-de-Saida-Staff-4.png\",\"width\":1080,\"height\":1080},{\"@type\":\"BreadcrumbList\",\"@id\":\"https:\/\/kelmeportugal.com\/produto\/nome-e-no-sc-beira-mar\/#breadcrumb\",\"itemListElement\":[{\"@type\":\"ListItem\",\"position\":1,\"name\":\"In\u00edcio\",\"item\":\"https:\/\/kelmeportugal.com\/\"},{\"@type\":\"ListItem\",\"position\":2,\"name\":\"Loja\",\"item\":\"https:\/\/kelmeportugal.com\/loja\/\"},{\"@type\":\"ListItem\",\"position\":3,\"name\":\"Nome e N\u00ba SC Beira Mar\"}]},{\"@type\":\"WebSite\",\"@id\":\"https:\/\/kelmeportugal.com\/#website\",\"url\":\"https:\/\/kelmeportugal.com\/\",\"name\":\"KELME PORTUGAL\",\"description\":\"Artigos de Desporto\",\"publisher\":{\"@id\":\"https:\/\/kelmeportugal.com\/#organization\"},\"potentialAction\":[{\"@type\":\"SearchAction\",\"target\":{\"@type\":\"EntryPoint\",\"urlTemplate\":\"https:\/\/kelmeportugal.com\/?s={search_term_string}\"},\"query-input\":{\"@type\":\"PropertyValueSpecification\",\"valueRequired\":true,\"valueName\":\"search_term_string\"}}],\"inLanguage\":\"en-US\"},{\"@type\":\"Organization\",\"@id\":\"https:\/\/kelmeportugal.com\/#organization\",\"name\":\"KELME PORTUGAL\",\"url\":\"https:\/\/kelmeportugal.com\/\",\"logo\":{\"@type\":\"ImageObject\",\"inLanguage\":\"en-US\",\"@id\":\"https:\/\/kelmeportugal.com\/#\/schema\/logo\/image\/\",\"url\":\"https:\/\/kelmeportugal.com\/wp-content\/uploads\/2024\/05\/logo-dark.png\",\"contentUrl\":\"https:\/\/kelmeportugal.com\/wp-content\/uploads\/2024\/05\/logo-dark.png\",\"width\":545,\"height\":72,\"caption\":\"KELME PORTUGAL\"},\"image\":{\"@id\":\"https:\/\/kelmeportugal.com\/#\/schema\/logo\/image\/\"},\"sameAs\":[\"https:\/\/www.facebook.com\/kelmeportugaloficial\/\",\"https:\/\/www.instagram.com\/kelmeportugal\/\",\"https:\/\/pt.linkedin.com\/in\/geracaoaudaciosa\"]}]}<\/script>\n<!-- \/ Yoast SEO plugin. -->","yoast_head_json":{"title":"Nome e N\u00ba SC Beira Mar - KELME Portugal","robots":{"index":"index","follow":"follow","max-snippet":"max-snippet:-1","max-image-preview":"max-image-preview:large","max-video-preview":"max-video-preview:-1"},"canonical":"https:\/\/kelmeportugal.com\/en\/product\/nome-e-no-sc-beira-mar\/","og_locale":"en_US","og_type":"article","og_title":"Nome e N\u00ba SC Beira Mar - KELME Portugal","og_description":"Nome + N\u00famero para personaliza\u00e7\u00e3o da camisola de jogo &#8211; Boavista FC.","og_url":"https:\/\/kelmeportugal.com\/en\/product\/nome-e-no-sc-beira-mar\/","og_site_name":"KELME Portugal","article_publisher":"https:\/\/www.facebook.com\/kelmeportugaloficial\/","article_modified_time":"2026-04-27T13:09:39+00:00","og_image":[{"width":1080,"height":1080,"url":"https:\/\/kelmeportugal.com\/wp-content\/uploads\/2024\/08\/Kit-de-Saida-Staff-4.png","type":"image\/png"}],"twitter_card":"summary_large_image","twitter_misc":{"Est. reading time":"1 minute"},"schema":{"@context":"https:\/\/schema.org","@graph":[{"@type":"WebPage","@id":"https:\/\/kelmeportugal.com\/produto\/nome-e-no-sc-beira-mar\/","url":"https:\/\/kelmeportugal.com\/produto\/nome-e-no-sc-beira-mar\/","name":"Nome e N\u00ba SC Beira Mar - KELME Portugal","isPartOf":{"@id":"https:\/\/kelmeportugal.com\/#website"},"primaryImageOfPage":{"@id":"https:\/\/kelmeportugal.com\/produto\/nome-e-no-sc-beira-mar\/#primaryimage"},"image":{"@id":"https:\/\/kelmeportugal.com\/produto\/nome-e-no-sc-beira-mar\/#primaryimage"},"thumbnailUrl":"https:\/\/kelmeportugal.com\/wp-content\/uploads\/2024\/08\/Kit-de-Saida-Staff-4.png","datePublished":"2024-09-04T13:21:49+00:00","dateModified":"2026-04-27T13:09:39+00:00","breadcrumb":{"@id":"https:\/\/kelmeportugal.com\/produto\/nome-e-no-sc-beira-mar\/#breadcrumb"},"inLanguage":"en-US","potentialAction":[{"@type":"ReadAction","target":["https:\/\/kelmeportugal.com\/produto\/nome-e-no-sc-beira-mar\/"]}]},{"@type":"ImageObject","inLanguage":"en-US","@id":"https:\/\/kelmeportugal.com\/produto\/nome-e-no-sc-beira-mar\/#primaryimage","url":"https:\/\/kelmeportugal.com\/wp-content\/uploads\/2024\/08\/Kit-de-Saida-Staff-4.png","contentUrl":"https:\/\/kelmeportugal.com\/wp-content\/uploads\/2024\/08\/Kit-de-Saida-Staff-4.png","width":1080,"height":1080},{"@type":"BreadcrumbList","@id":"https:\/\/kelmeportugal.com\/produto\/nome-e-no-sc-beira-mar\/#breadcrumb","itemListElement":[{"@type":"ListItem","position":1,"name":"In\u00edcio","item":"https:\/\/kelmeportugal.com\/"},{"@type":"ListItem","position":2,"name":"Loja","item":"https:\/\/kelmeportugal.com\/loja\/"},{"@type":"ListItem","position":3,"name":"Nome e N\u00ba SC Beira Mar"}]},{"@type":"WebSite","@id":"https:\/\/kelmeportugal.com\/#website","url":"https:\/\/kelmeportugal.com\/","name":"KELME PORTUGAL","description":"Artigos de Desporto","publisher":{"@id":"https:\/\/kelmeportugal.com\/#organization"},"potentialAction":[{"@type":"SearchAction","target":{"@type":"EntryPoint","urlTemplate":"https:\/\/kelmeportugal.com\/?s={search_term_string}"},"query-input":{"@type":"PropertyValueSpecification","valueRequired":true,"valueName":"search_term_string"}}],"inLanguage":"en-US"},{"@type":"Organization","@id":"https:\/\/kelmeportugal.com\/#organization","name":"KELME PORTUGAL","url":"https:\/\/kelmeportugal.com\/","logo":{"@type":"ImageObject","inLanguage":"en-US","@id":"https:\/\/kelmeportugal.com\/#\/schema\/logo\/image\/","url":"https:\/\/kelmeportugal.com\/wp-content\/uploads\/2024\/05\/logo-dark.png","contentUrl":"https:\/\/kelmeportugal.com\/wp-content\/uploads\/2024\/05\/logo-dark.png","width":545,"height":72,"caption":"KELME PORTUGAL"},"image":{"@id":"https:\/\/kelmeportugal.com\/#\/schema\/logo\/image\/"},"sameAs":["https:\/\/www.facebook.com\/kelmeportugaloficial\/","https:\/\/www.instagram.com\/kelmeportugal\/","https:\/\/pt.linkedin.com\/in\/geracaoaudaciosa"]}]}},"_links":{"self":[{"href":"https:\/\/kelmeportugal.com\/en\/wp-json\/wp\/v2\/product\/68610","targetHints":{"allow":["GET"]}}],"collection":[{"href":"https:\/\/kelmeportugal.com\/en\/wp-json\/wp\/v2\/product"}],"about":[{"href":"https:\/\/kelmeportugal.com\/en\/wp-json\/wp\/v2\/types\/product"}],"version-history":[{"count":2,"href":"https:\/\/kelmeportugal.com\/en\/wp-json\/wp\/v2\/product\/68610\/revisions"}],"predecessor-version":[{"id":84155,"href":"https:\/\/kelmeportugal.com\/en\/wp-json\/wp\/v2\/product\/68610\/revisions\/84155"}],"wp:featuredmedia":[{"embeddable":true,"href":"https:\/\/kelmeportugal.com\/en\/wp-json\/wp\/v2\/media\/65213"}],"wp:attachment":[{"href":"https:\/\/kelmeportugal.com\/en\/wp-json\/wp\/v2\/media?parent=68610"}],"wp:term":[{"taxonomy":"product_brand","embeddable":true,"href":"https:\/\/kelmeportugal.com\/en\/wp-json\/wp\/v2\/genre?post=68610"},{"taxonomy":"product_cat","embeddable":true,"href":"https:\/\/kelmeportugal.com\/en\/wp-json\/wp\/v2\/product_cat?post=68610"},{"taxonomy":"product_tag","embeddable":true,"href":"https:\/\/kelmeportugal.com\/en\/wp-json\/wp\/v2\/product_tag?post=68610"}],"curies":[{"name":"wp","href":"https:\/\/api.w.org\/{rel}","templated":true}]}}